{"id":22087,"date":"2025-05-01T12:24:16","date_gmt":"2025-05-01T16:24:16","guid":{"rendered":"\/paquete-de-simpy-her\/"},"modified":"2025-05-02T10:31:36","modified_gmt":"2025-05-02T14:31:36","slug":"paquete-de-simpy-her","status":"publish","type":"page","link":"\/es\/paquete-de-simpy-her\/","title":{"rendered":"Paquete de Simpy Her"},"content":{"rendered":"<p>[et_pb_section fb_built=&#8221;1&#8243; specialty=&#8221;on&#8221; _builder_version=&#8221;4.16&#8243; _module_preset=&#8221;default&#8221; global_colors_info=&#8221;{}&#8221;][et_pb_column type=&#8221;1_2&#8243; _builder_version=&#8221;4.16&#8243; custom_padding=&#8221;|||&#8221; global_colors_info=&#8221;{}&#8221; custom_padding__hover=&#8221;|||&#8221;][et_pb_gallery gallery_ids=&#8221;21851&#8243; fullwidth=&#8221;on&#8221; _builder_version=&#8221;4.27.4&#8243; _module_preset=&#8221;default&#8221; global_colors_info=&#8221;{}&#8221;][\/et_pb_gallery][\/et_pb_column][et_pb_column type=&#8221;1_2&#8243; specialty_columns=&#8221;2&#8243; _builder_version=&#8221;4.16&#8243; custom_padding=&#8221;|||&#8221; global_colors_info=&#8221;{}&#8221; custom_padding__hover=&#8221;|||&#8221;][et_pb_row_inner _builder_version=&#8221;4.16&#8243; _module_preset=&#8221;default&#8221; global_colors_info=&#8221;{}&#8221;][et_pb_column_inner saved_specialty_column_type=&#8221;1_2&#8243; _builder_version=&#8221;4.16&#8243; _module_preset=&#8221;default&#8221; global_colors_info=&#8221;{}&#8221;][et_pb_text _builder_version=&#8221;4.27.4&#8243; _module_preset=&#8221;default&#8221; text_font=&#8221;Lato||||||||&#8221; text_text_color=&#8221;#000000&#8243; text_font_size=&#8221;16px&#8221; text_line_height=&#8221;1.5em&#8221; header_font=&#8221;Tenor Sans|700|||||||&#8221; header_text_color=&#8221;#000000&#8243; header_font_size=&#8221;28px&#8221; header_line_height=&#8221;1.5em&#8221; custom_margin=&#8221;10px||10px||false|false&#8221; custom_padding=&#8221;10px||10px||false|false&#8221; global_colors_info=&#8221;{}&#8221;]<\/p>\n<h1>PAQUETE DE SIMPLY HER<\/h1>\n<p class=\"\" data-start=\"84\" data-end=\"248\">Hemos reunido un poco de magia para las mujeres que lo hacen todo, ya sea que est\u00e9s regalando a alguien especial o consinti\u00e9ndote a ti misma.<\/p>\n<p class=\"\" data-start=\"250\" data-end=\"357\">Incluye: Bliss &#8211; C\u00edtrico, Adapt, Cepillo Seco de Bravenly, Tarjeta de Afirmaci\u00f3n y una Cajita Exclusiva de Bravenly<\/p>\n<p class=\"\" data-start=\"359\" data-end=\"533\"><strong data-start=\"359\" data-end=\"368\">BLISS<\/strong> \u2013 Nuestro lujoso exfoliante corporal con aroma c\u00edtrico de edici\u00f3n limitada, infusionado con sal del Mar Muerto y aceites esenciales para una piel suave y radiante.\u2020<\/p>\n<p class=\"\" data-start=\"535\" data-end=\"669\"><strong data-start=\"535\" data-end=\"544\">ADAPT<\/strong> \u2013 Una c\u00e1psula con una mezcla premium de 8 hongos funcionales para apoyar tu cognici\u00f3n, inmunidad y gl\u00e1ndulas suprarrenales.\u2020<\/p>\n<p class=\"\" data-start=\"671\" data-end=\"777\"><strong data-start=\"671\" data-end=\"699\">Cepillo Seco de Bravenly<\/strong> \u2013 Un cepillo en seco digno de spa, disponible exclusivamente en este paquete.<\/p>\n<p class=\"\" data-start=\"779\" data-end=\"918\"><strong data-start=\"779\" data-end=\"804\">Tarjeta de Afirmaci\u00f3n<\/strong> \u2013 Un recordatorio amable: \u201cNo hay una forma perfecta de ser madre, pero s\u00ed un mill\u00f3n de formas de ser una buena.\u201d<\/p>\n<p class=\"\" data-start=\"920\" data-end=\"1015\"><strong data-start=\"920\" data-end=\"944\">Cajita Exclusiva de Bravenly<\/strong> \u2013 Bellamente empacada y lista para regalar \u2014 \u00a1no necesitas envolverla!<\/p>\n<p class=\"\" data-start=\"1017\" data-end=\"1154\"><strong data-start=\"1017\" data-end=\"1026\">Nota:<\/strong> Este paquete est\u00e1 disponible hasta el 31 de mayo a las 11:59 p. m. ET o hasta agotar existencias. Todas las ventas son finales.<\/p>\n<p data-start=\"1017\" data-end=\"1154\"><strong>USD$106.99 AL POR MENOR<\/strong><br \/><strong>USD$96.29 VIP<\/strong><br \/><strong>(USD$123.98 VALOR)<\/strong><\/p>\n<p>[\/et_pb_text][\/et_pb_column_inner][\/et_pb_row_inner][et_pb_row_inner _builder_version=&#8221;4.16&#8243; _module_preset=&#8221;default&#8221; custom_padding=&#8221;0px||0px|||&#8221; global_colors_info=&#8221;{}&#8221;][et_pb_column_inner saved_specialty_column_type=&#8221;1_2&#8243; _builder_version=&#8221;4.16&#8243; _module_preset=&#8221;default&#8221; global_colors_info=&#8221;{}&#8221;][et_pb_button button_url=&#8221;https:\/\/shop.bydesign.com\/Bravenly\/#\/shop\/detail\/SIMPLYHER\/from\/17358&#8221; button_text=&#8221;A\u00d1ADIR AL CARRITO&#8221; _builder_version=&#8221;4.27.4&#8243; _module_preset=&#8221;default&#8221; custom_button=&#8221;on&#8221; button_text_size=&#8221;16px&#8221; button_text_color=&#8221;#000000&#8243; button_border_color=&#8221;#000000&#8243; button_font=&#8221;Lato||||||||&#8221; hover_enabled=&#8221;0&#8243; global_colors_info=&#8221;{}&#8221; sticky_enabled=&#8221;0&#8243;][\/et_pb_button][\/et_pb_column_inner][\/et_pb_row_inner][\/et_pb_column][\/et_pb_section][et_pb_section fb_built=&#8221;1&#8243; _builder_version=&#8221;4.16&#8243; _module_preset=&#8221;default&#8221; global_colors_info=&#8221;{}&#8221;][et_pb_row _builder_version=&#8221;4.16&#8243; _module_preset=&#8221;default&#8221; min_height=&#8221;193px&#8221; custom_margin=&#8221;|auto|2px|auto||&#8221; custom_padding=&#8221;0px||0px|||&#8221; global_colors_info=&#8221;{}&#8221;][et_pb_column type=&#8221;4_4&#8243; _builder_version=&#8221;4.16&#8243; _module_preset=&#8221;default&#8221; global_colors_info=&#8221;{}&#8221;][et_pb_toggle title=&#8221;Detalles&#8221; open_toggle_text_color=&#8221;#000000&#8243; open_toggle_background_color=&#8221;#ffffff&#8221; closed_toggle_background_color=&#8221;#ffffff&#8221; _builder_version=&#8221;4.27.4&#8243; _module_preset=&#8221;default&#8221; title_text_color=&#8221;#000000&#8243; title_font=&#8221;Lato|700|||||||&#8221; closed_title_font=&#8221;Lato|700|||||||&#8221; closed_title_line_height=&#8221;1em&#8221; body_font=&#8221;Lato||||||||&#8221; body_text_color=&#8221;#000000&#8243; body_font_size=&#8221;16px&#8221; body_line_height=&#8221;1.5em&#8221; min_height=&#8221;59px&#8221; custom_margin=&#8221;2px||2px|||&#8221; custom_padding=&#8221;||12px|||&#8221; global_colors_info=&#8221;{}&#8221;]<\/p>\n<p>Hemos reunido un poco de magia para las mujeres que lo hacen todo, ya sea que est\u00e9s regalando a alguien especial o consinti\u00e9ndote a ti misma<\/p>\n<p>Incluye: Bliss &#8211; C\u00edtrico, Adapt, Cepillo Seco de Bravenly, Tarjeta de Afirmaci\u00f3n y una Cajita Exclusiva de Bravenly<\/p>\n<p>[\/et_pb_toggle][et_pb_toggle title=&#8221;C\u00f3mo utilizarlo&#8221; open_toggle_text_color=&#8221;#000000&#8243; open_toggle_background_color=&#8221;#ffffff&#8221; closed_toggle_background_color=&#8221;#ffffff&#8221; _builder_version=&#8221;4.27.4&#8243; _module_preset=&#8221;default&#8221; title_text_color=&#8221;#000000&#8243; title_font=&#8221;Lato|700|||||||&#8221; closed_title_font=&#8221;Lato|700|||||||&#8221; closed_title_line_height=&#8221;1em&#8221; body_font=&#8221;Lato||||||||&#8221; body_text_color=&#8221;#000000&#8243; body_font_size=&#8221;16px&#8221; body_line_height=&#8221;1.5em&#8221; min_height=&#8221;59px&#8221; custom_margin=&#8221;2px||2px|||&#8221; custom_padding=&#8221;||12px|||&#8221; global_colors_info=&#8221;{}&#8221;]<\/p>\n<p class=\"\" data-start=\"54\" data-end=\"220\"><strong data-start=\"54\" data-end=\"64\">BLISS:<\/strong> Aplica una peque\u00f1a cantidad del producto sobre la piel h\u00fameda en la ducha y frota suavemente el exfoliante sobre la piel. \u00a1Se puede usar en todo el cuerpo!<\/p>\n<p class=\"\" data-start=\"222\" data-end=\"359\"><strong data-start=\"222\" data-end=\"237\">PRECAUCI\u00d3N:<\/strong> Solo para uso externo. Este producto puede hacer que el \u00e1rea del ba\u00f1o o la ducha est\u00e9 resbaladiza. Ten cuidado al usarlo.<\/p>\n<p class=\"\" data-start=\"361\" data-end=\"502\"><strong data-start=\"361\" data-end=\"371\">ADAPT:<\/strong> Tomar 1\u20132 c\u00e1psulas en la ma\u00f1ana y 1\u20132 c\u00e1psulas en la tarde con las comidas o seg\u00fan las indicaciones de un profesional de la salud.<\/p>\n<p class=\"\" data-start=\"504\" data-end=\"864\">*Las mujeres embarazadas o en per\u00edodo de lactancia, los ni\u00f1os menores de 18 a\u00f1os y las personas con una condici\u00f3n m\u00e9dica conocida deben consultar con un m\u00e9dico antes de usar este o cualquier suplemento diet\u00e9tico.<br data-start=\"717\" data-end=\"720\" \/><strong data-start=\"720\" data-end=\"739\">Almacenamiento:<\/strong> No usar si el sello de seguridad est\u00e1 da\u00f1ado o ausente. Conservar en un lugar fresco y seco, alejado del calor y la humedad.<\/p>\n<p>[\/et_pb_toggle][et_pb_toggle title=&#8221;Ingredientes&#8221; open_toggle_text_color=&#8221;#000000&#8243; open_toggle_background_color=&#8221;#ffffff&#8221; closed_toggle_background_color=&#8221;#ffffff&#8221; _builder_version=&#8221;4.16&#8243; _module_preset=&#8221;default&#8221; title_text_color=&#8221;#000000&#8243; title_font=&#8221;Lato|700|||||||&#8221; closed_title_font=&#8221;Lato|700|||||||&#8221; closed_title_line_height=&#8221;1em&#8221; body_font=&#8221;Lato||||||||&#8221; body_text_color=&#8221;#000000&#8243; body_font_size=&#8221;16px&#8221; body_line_height=&#8221;1.5em&#8221; min_height=&#8221;59px&#8221; custom_margin=&#8221;2px||2px|||&#8221; custom_padding=&#8221;||12px|||&#8221; global_colors_info=&#8221;{}&#8221;]Consulte las p\u00e1ginas de cada producto para obtener m\u00e1s informaci\u00f3n.[\/et_pb_toggle][et_pb_toggle title=&#8221;Easy-Ship&#8221; open_toggle_text_color=&#8221;#000000&#8243; open_toggle_background_color=&#8221;#ffffff&#8221; closed_toggle_background_color=&#8221;#ffffff&#8221; _builder_version=&#8221;4.27.4&#8243; _module_preset=&#8221;default&#8221; title_text_color=&#8221;#000000&#8243; title_font=&#8221;Lato|700|||||||&#8221; closed_title_font=&#8221;Lato|700|||||||&#8221; closed_title_line_height=&#8221;1em&#8221; body_font=&#8221;Lato||||||||&#8221; body_text_color=&#8221;#000000&#8243; body_font_size=&#8221;16px&#8221; body_line_height=&#8221;1.5em&#8221; min_height=&#8221;59px&#8221; custom_margin=&#8221;2px||2px|||&#8221; custom_padding=&#8221;||12px|||&#8221; global_colors_info=&#8221;{}&#8221;]<\/p>\n<p>Los paquetes por tiempo limitado no est\u00e1n disponibles en Easy-Ship.<\/p>\n<p>[\/et_pb_toggle][\/et_pb_column][\/et_pb_row][\/et_pb_section][et_pb_section fb_built=&#8221;1&#8243; _builder_version=&#8221;4.16&#8243; _module_preset=&#8221;default&#8221; global_colors_info=&#8221;{}&#8221;][et_pb_row _builder_version=&#8221;4.16&#8243; _module_preset=&#8221;default&#8221; global_colors_info=&#8221;{}&#8221;][et_pb_column type=&#8221;4_4&#8243; _builder_version=&#8221;4.16&#8243; _module_preset=&#8221;default&#8221; global_colors_info=&#8221;{}&#8221;][et_pb_text _builder_version=&#8221;4.16&#8243; _module_preset=&#8221;default&#8221; text_font=&#8221;Lato||||||||&#8221; text_text_color=&#8221;#000000&#8243; text_font_size=&#8221;19px&#8221; border_width_all=&#8221;2px&#8221; global_colors_info=&#8221;{}&#8221;]\u2020Estas declaraciones no han sido evaluadas por la Administraci\u00f3n de Alimentos y Medicamentos (FDA). Este producto no est\u00e1 destinado a diagnosticar, tratar, curar o prevenir ninguna enfermedad.[\/et_pb_text][\/et_pb_column][\/et_pb_row][\/et_pb_section][et_pb_section fb_built=&#8221;1&#8243; _builder_version=&#8221;4.16&#8243; background_enable_image=&#8221;off&#8221; background_position=&#8221;bottom_center&#8221; min_height=&#8221;762px&#8221; custom_margin=&#8221;||-183px|||&#8221; custom_padding=&#8221;1px|0px|0px|0px||&#8221; global_colors_info=&#8221;{}&#8221;][et_pb_row column_structure=&#8221;1_2,1_2&#8243; admin_label=&#8221;CTA Row&#8221; _builder_version=&#8221;4.16&#8243; min_height=&#8221;525px&#8221; custom_margin=&#8221;|auto|1px|auto||&#8221; custom_padding=&#8221;||0px|||&#8221; global_colors_info=&#8221;{}&#8221;][et_pb_column type=&#8221;1_2&#8243; _builder_version=&#8221;4.16&#8243; background_enable_image=&#8221;off&#8221; custom_padding=&#8221;|||&#8221; global_colors_info=&#8221;{}&#8221; custom_padding__hover=&#8221;|||&#8221;][et_pb_image src=&#8221;\/wp-content\/uploads\/2025\/04\/IMG_2282_jpg.jpg&#8221; title_text=&#8221;IMG_2282_jpg&#8221; align=&#8221;center&#8221; src_tablet=&#8221;&#8221; src_phone=&#8221;&#8221; src_last_edited=&#8221;on|desktop&#8221; align_tablet=&#8221;center&#8221; align_phone=&#8221;&#8221; align_last_edited=&#8221;on|desktop&#8221; admin_label=&#8221;Cleanses Image&#8221; _builder_version=&#8221;4.27.4&#8243; min_height=&#8221;404px&#8221; min_height_tablet=&#8221;&#8221; min_height_phone=&#8221;244px&#8221; min_height_last_edited=&#8221;on|phone&#8221; height=&#8221;220px&#8221; max_height=&#8221;416px&#8221; custom_margin=&#8221;5px||45px||false|false&#8221; custom_padding=&#8221;|5px|50px|5px|false|false&#8221; global_colors_info=&#8221;{}&#8221;][\/et_pb_image][\/et_pb_column][et_pb_column type=&#8221;1_2&#8243; _builder_version=&#8221;4.16&#8243; custom_padding=&#8221;|||&#8221; global_colors_info=&#8221;{}&#8221; custom_padding__hover=&#8221;|||&#8221;][et_pb_cta title=&#8221;\u00bfPOR QU\u00c9 COMPRAR LOS PAQUETES?&#8221; button_url=&#8221;https:\/\/shop.bydesign.com\/Bravenly\/#\/shop\/detail\/simplyher\/from\/17358&#8221; url_new_window=&#8221;on&#8221; button_text=&#8221;A\u00d1ADIR AL CARRITO&#8221; admin_label=&#8221;T\u00edtulo, p\u00e1rrafo &amp; llamada a la acci\u00f3n&#8221; _builder_version=&#8221;4.27.4&#8243; header_font=&#8221;Tenor Sans|||on|||||&#8221; header_text_color=&#8221;#000000&#8243; header_font_size=&#8221;28px&#8221; header_line_height=&#8221;1.5em&#8221; body_font=&#8221;Lato||||||||&#8221; body_text_color=&#8221;#000000&#8243; body_font_size=&#8221;16px&#8221; body_line_height=&#8221;1.5em&#8221; use_background_color=&#8221;off&#8221; custom_button=&#8221;on&#8221; button_text_size=&#8221;16px&#8221; button_text_color=&#8221;#000000&#8243; button_border_color=&#8221;#000000&#8243; button_font=&#8221;Lato||||||||&#8221; text_orientation=&#8221;left&#8221; background_layout=&#8221;light&#8221; min_height=&#8221;386px&#8221; custom_margin=&#8221;-8px|||||&#8221; custom_margin_tablet=&#8221;0px|||&#8221; custom_margin_phone=&#8221;5px||100px||false|false&#8221; custom_margin_last_edited=&#8221;on|tablet&#8221; custom_padding=&#8221;||60px||false|false&#8221; custom_padding_tablet=&#8221;&#8221; custom_padding_phone=&#8221;5px||150px||false|false&#8221; custom_padding_last_edited=&#8221;on|phone&#8221; link_option_url_new_window=&#8221;on&#8221; hover_enabled=&#8221;0&#8243; button_text_color_hover=&#8221;#ffffff&#8221; button_border_color_hover=&#8221;rgba(0,0,0,0)&#8221; button_border_radius_hover=&#8221;28px&#8221; button_letter_spacing_hover=&#8221;2px&#8221; button_bg_color_hover=&#8221;rgba(0,0,0,0.7)&#8221; global_colors_info=&#8221;{}&#8221; button_text_size__hover_enabled=&#8221;off&#8221; button_one_text_size__hover_enabled=&#8221;off&#8221; button_two_text_size__hover_enabled=&#8221;off&#8221; button_text_color__hover_enabled=&#8221;on&#8221; button_text_color__hover=&#8221;#ffffff&#8221; button_one_text_color__hover_enabled=&#8221;off&#8221; button_two_text_color__hover_enabled=&#8221;off&#8221; button_border_width__hover_enabled=&#8221;off&#8221; button_one_border_width__hover_enabled=&#8221;off&#8221; button_two_border_width__hover_enabled=&#8221;off&#8221; button_border_color__hover_enabled=&#8221;on&#8221; button_border_color__hover=&#8221;rgba(0,0,0,0)&#8221; button_one_border_color__hover_enabled=&#8221;off&#8221; button_two_border_color__hover_enabled=&#8221;off&#8221; button_border_radius__hover_enabled=&#8221;on&#8221; button_border_radius__hover=&#8221;28px&#8221; button_one_border_radius__hover_enabled=&#8221;off&#8221; button_two_border_radius__hover_enabled=&#8221;off&#8221; button_letter_spacing__hover_enabled=&#8221;on&#8221; button_letter_spacing__hover=&#8221;2px&#8221; button_one_letter_spacing__hover_enabled=&#8221;off&#8221; button_two_letter_spacing__hover_enabled=&#8221;off&#8221; button_bg_color__hover_enabled=&#8221;on&#8221; button_bg_color__hover=&#8221;rgba(0,0,0,0.7)&#8221; button_one_bg_color__hover_enabled=&#8221;off&#8221; button_two_bg_color__hover_enabled=&#8221;off&#8221; sticky_enabled=&#8221;0&#8243;]<\/p>\n<p class=\"\" data-start=\"51\" data-end=\"138\">Esto hace que combinar los productos perfectos sea mucho m\u00e1s f\u00e1cil y econ\u00f3mico para TI.<\/p>\n<p class=\"\" data-start=\"140\" data-end=\"258\">Cada paquete est\u00e1 personalizado seg\u00fan tus objetivos espec\u00edficos y lo que mejor se adapta a tu rutina y estilo de vida.<\/p>\n<p class=\"\" data-start=\"260\" data-end=\"439\">Hemos reunido algunas de nuestras combinaciones de productos m\u00e1s populares entre nuestros clientes m\u00e1s frecuentes \u2014 \u00a1as\u00ed que son combinaciones en las que sabes que puedes confiar!<\/p>\n<p class=\"\" data-start=\"441\" data-end=\"663\">Y por \u00faltimo, pero no menos importante, hemos ajustado la cantidad exacta de porciones que necesitas por paquete, para que tengas el suministro justo hasta que sea momento de volver a ordenar. (Pista, pista&#8230; EASY-SHIP)<\/p>\n<p>[\/et_pb_cta][\/et_pb_column][\/et_pb_row][\/et_pb_section][et_pb_section fb_built=&#8221;1&#8243; _builder_version=&#8221;4.25.0&#8243; _module_preset=&#8221;default&#8221; global_colors_info=&#8221;{}&#8221;][et_pb_row _builder_version=&#8221;4.25.0&#8243; _module_preset=&#8221;default&#8221; global_colors_info=&#8221;{}&#8221;][et_pb_column type=&#8221;4_4&#8243; _builder_version=&#8221;4.25.0&#8243; _module_preset=&#8221;default&#8221; global_colors_info=&#8221;{}&#8221;][et_pb_code _builder_version=&#8221;4.25.0&#8243; _module_preset=&#8221;default&#8221; global_colors_info=&#8221;{}&#8221;]<script><!-- [et_pb_line_break_holder] -->window.embeddedChatbotConfig = {<!-- [et_pb_line_break_holder] -->chatbotId: \"9qSfYTIOoZzNyOg2aFTKi\",<!-- [et_pb_line_break_holder] -->domain: \"www.chatbase.co\"<!-- [et_pb_line_break_holder] -->}<!-- [et_pb_line_break_holder] --><\/script><!-- [et_pb_line_break_holder] --><script<!-- [et_pb_line_break_holder] -->src=&#8221;https:\/\/www.chatbase.co\/embed.min.js&#8221;<!-- [et_pb_line_break_holder] -->chatbotId=&#8221;9qSfYTIOoZzNyOg2aFTKi&#8221;<!-- [et_pb_line_break_holder] -->domain=&#8221;www.chatbase.co&#8221;<!-- [et_pb_line_break_holder] -->defer><!-- [et_pb_line_break_holder] --><\/script>[\/et_pb_code][\/et_pb_column][\/et_pb_row][\/et_pb_section]<\/p>\n","protected":false},"excerpt":{"rendered":"<p>PAQUETE DE SIMPLY HER Hemos reunido un poco de magia para las mujeres que lo hacen todo, ya sea que est\u00e9s regalando a alguien especial o consinti\u00e9ndote a ti misma. Incluye: Bliss &#8211; C\u00edtrico, Adapt, Cepillo Seco de Bravenly, Tarjeta de Afirmaci\u00f3n y una Cajita Exclusiva de Bravenly BLISS \u2013 Nuestro lujoso exfoliante corporal con [&hellip;]<\/p>\n","protected":false},"author":191432657,"featured_media":0,"parent":0,"menu_order":0,"comment_status":"closed","ping_status":"closed","template":"","meta":{"_et_pb_use_builder":"on","_et_pb_old_content":"","_et_gb_content_width":"","_coblocks_attr":"","_coblocks_dimensions":"","_coblocks_responsive_height":"","_coblocks_accordion_ie_support":"","footnotes":""},"class_list":["post-22087","page","type-page","status-publish","hentry"],"_links":{"self":[{"href":"https:\/\/debralynn.bravenlyglobal.com\/es\/wp-json\/wp\/v2\/pages\/22087","targetHints":{"allow":["GET"]}}],"collection":[{"href":"https:\/\/debralynn.bravenlyglobal.com\/es\/wp-json\/wp\/v2\/pages"}],"about":[{"href":"https:\/\/debralynn.bravenlyglobal.com\/es\/wp-json\/wp\/v2\/types\/page"}],"author":[{"embeddable":true,"href":"https:\/\/debralynn.bravenlyglobal.com\/es\/wp-json\/wp\/v2\/users\/191432657"}],"replies":[{"embeddable":true,"href":"https:\/\/debralynn.bravenlyglobal.com\/es\/wp-json\/wp\/v2\/comments?post=22087"}],"version-history":[{"count":5,"href":"https:\/\/debralynn.bravenlyglobal.com\/es\/wp-json\/wp\/v2\/pages\/22087\/revisions"}],"predecessor-version":[{"id":22094,"href":"https:\/\/debralynn.bravenlyglobal.com\/es\/wp-json\/wp\/v2\/pages\/22087\/revisions\/22094"}],"wp:attachment":[{"href":"https:\/\/debralynn.bravenlyglobal.com\/es\/wp-json\/wp\/v2\/media?parent=22087"}],"curies":[{"name":"wp","href":"https:\/\/api.w.org\/{rel}","templated":true}]}}